{"id":13,"date":"2026-01-19T17:55:01","date_gmt":"2026-01-19T17:55:01","guid":{"rendered":"https:\/\/delphine-silloray.fr\/?page_id=13"},"modified":"2026-04-16T11:25:07","modified_gmt":"2026-04-16T11:25:07","slug":"constellation-familiale","status":"publish","type":"page","link":"https:\/\/delphine-silloray.fr\/index.php\/constellation-familiale\/","title":{"rendered":"Constellation Familiale"},"content":{"rendered":"\n<p>La constellation familiale est une m\u00e9thode de th\u00e9rapie familiale transg\u00e9n\u00e9rationnelle qui a \u00e9t\u00e9 d\u00e9velopp\u00e9e dans les ann\u00e9es 1990 par Bert Hellinger qui s&rsquo;est inspir\u00e9 de l&rsquo;\u00e9cole de Palo Alto et des r\u00e8gles de la physique afin de maintenir un syst\u00e8me en \u00e9quilibre.<\/p>\n\n\n\n<p>Cela consiste \u00ab\u00a0\u00e0 poser la famille dans l&rsquo;espace\u00a0\u00bb afin de constater les relations entre tous les membres (parents, fratrie, grands-parents&#8230;), de faire un travail \u00e9motionnel puis d&rsquo;harmoniser le syst\u00e8me. Cette technique est g\u00e9n\u00e9ralement pratiqu\u00e9e en groupe sous forme de jeux de r\u00f4les.<\/p>\n\n\n\n<p>Cet outil permet de positionner \u00e0 l&rsquo;ext\u00e9rieur, la structure du syst\u00e8me familial qui se trouve \u00e0 l&rsquo;int\u00e9rieur de nous.<br>Partant du principe que pour survivre et\/ou pour \u00eatre aim\u00e9 un enfant met en place des comportements afin d&rsquo;exister et prendre sa place au sein de la famille. Au fil des ann\u00e9es ces sch\u00e9mas individuels et familiaux sont tr\u00e8s ancr\u00e9s et nous les rejouons en permanence sans en \u00eatre conscient.<\/p>\n\n\n\n<p>Au del\u00e0 de la famille, chaque syst\u00e8me fonctionne sur un \u00e9quilibre similaire comme les syst\u00e8mes d&rsquo;entreprises, de regroupements sportifs, associatifs, amicaux &#8230; Lorsque que nous rencontrons des difficult\u00e9s, des conflits &#8230; on peut alors, aller visiter l\u00e0 o\u00f9 il y aurait des blocages, des croyances limitantes &#8230; afin de les lib\u00e9rer, permettant d&rsquo;avancer plus sereinement.<\/p>\n\n\n\n<p>Il est \u00e9galement possible de consteller tout ce qui pourrait nous poser probl\u00e8me, comme le rapport \u00e0 l&rsquo;argent, l&rsquo;attachement \u00e0 des lieux ou des objets, des probl\u00e9matiques \u00e9ducationnelles ou de sexualit\u00e9, de l\u00e9gitimit\u00e9 &#8230; Dans ce cas, lors de la constellation, \u00e0 la place d&rsquo;attribuer des membres de la famille aux repr\u00e9sentants, il leur sera attribu\u00e9 des valeurs, des \u00e9motions ou encore une maladie pour \u00ab\u00a0entendre\u00a0\u00bb ce qu&rsquo;elle vient r\u00e9v\u00e9ler &#8230;   <\/p>\n\n\n\n<p>&nbsp;<strong>En individuel<\/strong> : Dans la pratique de constellation familiale individuelle, les membres de la famille sont repr\u00e9sent\u00e9s sur des papiers ou des objets, plac\u00e9s dans la pi\u00e8ce. S&rsquo;en suit un travail de reconnaissance de son syst\u00e8me, de lib\u00e9ration \u00e9motionnelle, d&rsquo;acceptation puis de remettre de l&rsquo;ordre avec les places de chacun.e afin de r\u00e9int\u00e9grer un syst\u00e8me familial plus coh\u00e9rent et harmonis\u00e9.<\/p>\n\n\n\n<p>Je propose r\u00e9guli\u00e8rement des ateliers de constellation en petit groupe, la plupart du temps sur 3h \u00e0 des prix tr\u00e8s raisonnable. Il est possible de faire sa propre constellation ou d&rsquo;y participer en tant que repr\u00e9sentant.e au service de la constellation d&rsquo;une autre personne. Pour conna\u00eetre les dates, n&rsquo;h\u00e9sitez pas \u00e0 me contacter. <\/p>\n\n\n\n<p>Atelier \u00e0 domicile : Je me d\u00e9place sur la Bretagne pour animer des constellations si vous avez un lieu d&rsquo;accueil et un petit groupe de personnes int\u00e9ress\u00e9es. Me contacter pour les tarifs &#8230;<\/p>\n\n\n\n<figure class=\"wp-block-image size-full\"><img loading=\"lazy\" decoding=\"async\" width=\"360\" height=\"480\" src=\"http:\/\/delphine-silloray.fr\/wp-content\/uploads\/2026\/04\/IMG_1720.jpeg\" alt=\"\" class=\"wp-image-213\" srcset=\"https:\/\/delphine-silloray.fr\/wp-content\/uploads\/2026\/04\/IMG_1720.jpeg 360w, https:\/\/delphine-silloray.fr\/wp-content\/uploads\/2026\/04\/IMG_1720-225x300.jpeg 225w\" sizes=\"auto, (max-width: 360px) 100vw, 360px\" \/><\/figure>\n\n\n\n<figure class=\"wp-block-image size-large\"><img loading=\"lazy\" decoding=\"async\" width=\"768\" height=\"1024\" src=\"http:\/\/delphine-silloray.fr\/wp-content\/uploads\/2026\/04\/IMG_1004-768x1024.jpeg\" alt=\"\" class=\"wp-image-212\" srcset=\"https:\/\/delphine-silloray.fr\/wp-content\/uploads\/2026\/04\/IMG_1004-768x1024.jpeg 768w, https:\/\/delphine-silloray.fr\/wp-content\/uploads\/2026\/04\/IMG_1004-225x300.jpeg 225w, https:\/\/delphine-silloray.fr\/wp-content\/uploads\/2026\/04\/IMG_1004-1152x1536.jpeg 1152w, https:\/\/delphine-silloray.fr\/wp-content\/uploads\/2026\/04\/IMG_1004-1536x2048.jpeg 1536w, https:\/\/delphine-silloray.fr\/wp-content\/uploads\/2026\/04\/IMG_1004-scaled.jpeg 1920w\" sizes=\"auto, (max-width: 768px) 100vw, 768px\" \/><\/figure>\n\n\n\n<figure class=\"wp-block-image size-large\"><img loading=\"lazy\" decoding=\"async\" width=\"724\" height=\"1024\" src=\"http:\/\/delphine-silloray.fr\/wp-content\/uploads\/2026\/04\/IMG_1009-724x1024.jpeg\" alt=\"\" class=\"wp-image-217\" srcset=\"https:\/\/delphine-silloray.fr\/wp-content\/uploads\/2026\/04\/IMG_1009-724x1024.jpeg 724w, https:\/\/delphine-silloray.fr\/wp-content\/uploads\/2026\/04\/IMG_1009-212x300.jpeg 212w, https:\/\/delphine-silloray.fr\/wp-content\/uploads\/2026\/04\/IMG_1009-768x1086.jpeg 768w, https:\/\/delphine-silloray.fr\/wp-content\/uploads\/2026\/04\/IMG_1009-1086x1536.jpeg 1086w, https:\/\/delphine-silloray.fr\/wp-content\/uploads\/2026\/04\/IMG_1009.jpeg 1149w\" sizes=\"auto, (max-width: 724px) 100vw, 724px\" \/><\/figure>\n\n\n\n<figure class=\"wp-block-image size-large\"><img loading=\"lazy\" decoding=\"async\" width=\"1024\" height=\"1024\" src=\"http:\/\/delphine-silloray.fr\/wp-content\/uploads\/2026\/04\/Constellations-familiales-1-1024x1024.jpg\" alt=\"\" class=\"wp-image-221\" srcset=\"https:\/\/delphine-silloray.fr\/wp-content\/uploads\/2026\/04\/Constellations-familiales-1-1024x1024.jpg 1024w, https:\/\/delphine-silloray.fr\/wp-content\/uploads\/2026\/04\/Constellations-familiales-1-300x300.jpg 300w, https:\/\/delphine-silloray.fr\/wp-content\/uploads\/2026\/04\/Constellations-familiales-1-150x150.jpg 150w, https:\/\/delphine-silloray.fr\/wp-content\/uploads\/2026\/04\/Constellations-familiales-1-768x768.jpg 768w, https:\/\/delphine-silloray.fr\/wp-content\/uploads\/2026\/04\/Constellations-familiales-1.jpg 1080w\" sizes=\"auto, (max-width: 1024px) 100vw, 1024px\" \/><\/figure>\n\n\n\n<p><\/p>\n","protected":false},"excerpt":{"rendered":"<p>La constellation familiale est une m\u00e9thode de th\u00e9rapie familiale transg\u00e9n\u00e9rationnelle qui a \u00e9t\u00e9 d\u00e9velopp\u00e9e dans les ann\u00e9es 1990 par Bert Hellinger qui s&rsquo;est inspir\u00e9 de l&rsquo;\u00e9cole de Palo Alto et des r\u00e8gles de la physique afin de maintenir un syst\u00e8me en \u00e9quilibre. Cela consiste \u00ab\u00a0\u00e0 poser la famille dans l&rsquo;espace\u00a0\u00bb afin de constater les relations &hellip; <a href=\"https:\/\/delphine-silloray.fr\/index.php\/constellation-familiale\/\" class=\"more-link\">Continuer la lecture de <span class=\"screen-reader-text\">Constellation Familiale<\/span> <span class=\"meta-nav\">&rarr;<\/span><\/a><\/p>\n","protected":false},"author":1,"featured_media":0,"parent":0,"menu_order":0,"comment_status":"closed","ping_status":"closed","template":"","meta":{"footnotes":""},"class_list":["post-13","page","type-page","status-publish","hentry"],"_links":{"self":[{"href":"https:\/\/delphine-silloray.fr\/index.php\/wp-json\/wp\/v2\/pages\/13","targetHints":{"allow":["GET"]}}],"collection":[{"href":"https:\/\/delphine-silloray.fr\/index.php\/wp-json\/wp\/v2\/pages"}],"about":[{"href":"https:\/\/delphine-silloray.fr\/index.php\/wp-json\/wp\/v2\/types\/page"}],"author":[{"embeddable":true,"href":"https:\/\/delphine-silloray.fr\/index.php\/wp-json\/wp\/v2\/users\/1"}],"replies":[{"embeddable":true,"href":"https:\/\/delphine-silloray.fr\/index.php\/wp-json\/wp\/v2\/comments?post=13"}],"version-history":[{"count":14,"href":"https:\/\/delphine-silloray.fr\/index.php\/wp-json\/wp\/v2\/pages\/13\/revisions"}],"predecessor-version":[{"id":223,"href":"https:\/\/delphine-silloray.fr\/index.php\/wp-json\/wp\/v2\/pages\/13\/revisions\/223"}],"wp:attachment":[{"href":"https:\/\/delphine-silloray.fr\/index.php\/wp-json\/wp\/v2\/media?parent=13"}],"curies":[{"name":"wp","href":"https:\/\/api.w.org\/{rel}","templated":true}]}}