{"id":23,"date":"2026-01-29T12:40:49","date_gmt":"2026-01-29T12:40:49","guid":{"rendered":"https:\/\/delphine-silloray.fr\/?page_id=23"},"modified":"2026-02-22T18:34:48","modified_gmt":"2026-02-22T18:34:48","slug":"respiration-en-hyperventilation","status":"publish","type":"page","link":"https:\/\/delphine-silloray.fr\/index.php\/respiration-en-hyperventilation\/","title":{"rendered":"Respiration en hyperventilation"},"content":{"rendered":"\n<p>Aussi appel\u00e9e respiration \u00ab\u00a0holotropique\u00a0\u00bb signifiant \u00ab\u00a0aller vers la compl\u00e9tude\u00a0\u00bb.<br>C&rsquo;est une m\u00e9thode th\u00e9rapeutique qui a \u00e9t\u00e9 mise au point par le Dr Stanislav Grof et son \u00e9pouse Christina en Californie en 1975. Un voyage int\u00e9rieur en \u00e9tat modifi\u00e9 de conscience par des respirations rythm\u00e9es et profondes sur des musiques qui induisent des \u00e9motions.<\/p>\n\n\n\n<p>L&rsquo;hyper oxyg\u00e9nation du sang, du cerveau ainsi que de toutes les cellules du corps, permet d&rsquo;aller connecter des m\u00e9moires au plus profond de soi m\u00eame et bien au-del\u00e0. Ainsi les \u00e9motions ou les blocages ou les situations contact\u00e9es quelles qu&rsquo;elles soient peuvent \u00eatre lib\u00e9r\u00e9es durant la s\u00e9ance. Il est important d&rsquo;\u00eatre bien accompagn\u00e9 afin d&rsquo;\u00e9voluer en toute s\u00e9curit\u00e9 dans ce processus.<\/p>\n\n\n\n<p>     Cet outil transpersonnel permet un grand nettoyage des diff\u00e9rents corps physique, \u00e9motionnel, mental, \u00e9th\u00e9rique, astral &#8230;<\/p>\n\n\n\n<p>     Je propose des s\u00e9ances de respiration holotropique en individuel sur 2 heures, en petit groupe de 3 \u00e0 5 personnes sur une demi-journ\u00e9e et en grand groupe sur une journ\u00e9e.<\/p>\n\n\n\n<p><br>     Pour le bon d\u00e9roulement de cette pratique, un petit questionnaire de sant\u00e9 est n\u00e9cessaire en amont ainsi qu&rsquo;une s\u00e9ance d&rsquo;accompagnement individuel pour faire le point sur votre histoire.<\/p>\n\n\n\n<p><\/p>\n","protected":false},"excerpt":{"rendered":"<p>Aussi appel\u00e9e respiration \u00ab\u00a0holotropique\u00a0\u00bb signifiant \u00ab\u00a0aller vers la compl\u00e9tude\u00a0\u00bb.C&rsquo;est une m\u00e9thode th\u00e9rapeutique qui a \u00e9t\u00e9 mise au point par le Dr Stanislav Grof et son \u00e9pouse Christina en Californie en 1975. Un voyage int\u00e9rieur en \u00e9tat modifi\u00e9 de conscience par des respirations rythm\u00e9es et profondes sur des musiques qui induisent des \u00e9motions. L&rsquo;hyper oxyg\u00e9nation du &hellip; <a href=\"https:\/\/delphine-silloray.fr\/index.php\/respiration-en-hyperventilation\/\" class=\"more-link\">Continuer la lecture de <span class=\"screen-reader-text\">Respiration en hyperventilation<\/span> <span class=\"meta-nav\">&rarr;<\/span><\/a><\/p>\n","protected":false},"author":1,"featured_media":0,"parent":0,"menu_order":0,"comment_status":"closed","ping_status":"closed","template":"","meta":{"footnotes":""},"class_list":["post-23","page","type-page","status-publish","hentry"],"_links":{"self":[{"href":"https:\/\/delphine-silloray.fr\/index.php\/wp-json\/wp\/v2\/pages\/23","targetHints":{"allow":["GET"]}}],"collection":[{"href":"https:\/\/delphine-silloray.fr\/index.php\/wp-json\/wp\/v2\/pages"}],"about":[{"href":"https:\/\/delphine-silloray.fr\/index.php\/wp-json\/wp\/v2\/types\/page"}],"author":[{"embeddable":true,"href":"https:\/\/delphine-silloray.fr\/index.php\/wp-json\/wp\/v2\/users\/1"}],"replies":[{"embeddable":true,"href":"https:\/\/delphine-silloray.fr\/index.php\/wp-json\/wp\/v2\/comments?post=23"}],"version-history":[{"count":4,"href":"https:\/\/delphine-silloray.fr\/index.php\/wp-json\/wp\/v2\/pages\/23\/revisions"}],"predecessor-version":[{"id":197,"href":"https:\/\/delphine-silloray.fr\/index.php\/wp-json\/wp\/v2\/pages\/23\/revisions\/197"}],"wp:attachment":[{"href":"https:\/\/delphine-silloray.fr\/index.php\/wp-json\/wp\/v2\/media?parent=23"}],"curies":[{"name":"wp","href":"https:\/\/api.w.org\/{rel}","templated":true}]}}