{"id":27,"date":"2026-02-02T12:35:02","date_gmt":"2026-02-02T12:35:02","guid":{"rendered":"https:\/\/delphine-silloray.fr\/?page_id=27"},"modified":"2026-02-21T10:24:54","modified_gmt":"2026-02-21T10:24:54","slug":"tarif-lieux-qui-suis-je","status":"publish","type":"page","link":"https:\/\/delphine-silloray.fr\/index.php\/tarif-lieux-qui-suis-je\/","title":{"rendered":"Tarif, lieux &#8230; Qui suis-je ?"},"content":{"rendered":"\n<p><strong><u>Tarif<\/u><\/strong> : &nbsp; &#8211; <strong>S\u00e9ance individuelle<\/strong> <\/p>\n\n\n\n<ul class=\"wp-block-list\">\n<li>1h &#8211; 60 \u20ac<\/li>\n\n\n\n<li>1h30 &#8211; 90 \u20ac<\/li>\n\n\n\n<li>2h &#8211; 120 \u20ac    Pr\u00e9voir 2h pour la premi\u00e8re s\u00e9ance de respiration holotropique ainsi que le th\u00e8me natal.<\/li>\n<\/ul>\n\n\n\n<p class=\"has-text-align-left\">Info r\u00e8glement : Pas d&rsquo;appareil \u00e0 carte, merci de r\u00e9gler par ch\u00e8que ou virement bancaire.<\/p>\n\n\n\n<p><strong><u>Lieux des cabinets<\/u>:<\/strong><\/p>\n\n\n\n<p>&#8211; 57 rue de la lib\u00e9ration <strong>29 410 Ploun\u00e9our-M\u00e9nez <\/strong>ou 83 Guerdoual 29 410 Ploun\u00e9our-M\u00e9nez (en fonction des pratiques)<\/p>\n\n\n\n<p> &#8211; 2 rue de Morlaix <strong>22 310 Plestin-les-Gr\u00e8ves<\/strong><\/p>\n\n\n\n<p>&#8211; 26 pl. du G\u00e9n\u00e9ral de Gaulle <strong>29 190 Pleyben<\/strong><\/p>\n\n\n\n<p><strong>Consultation \u00e0 distance en visioconf\u00e9rence<\/strong><\/p>\n\n\n\n<p><strong><u>Contact<\/u><\/strong> :&nbsp; <strong>Delphine Silloray<\/strong>&nbsp; uniquement par t\u00e9l\u00e9phone au&nbsp; <strong>06.58.83.73.56 <\/strong>&nbsp;<\/p>\n\n\n\n<p><strong><u>Qui suis-je <\/u><\/strong>?<\/p>\n\n\n\n<p>En 2009, j&rsquo;ai cr\u00e9e et g\u00e9r\u00e9 durant 5 ans un magasin de produits biologiques, locaux, commerce \u00e9quitable &#8230; (alimentation, compl\u00e9ment alimentaire, artisanat, min\u00e9raux-cristaux &#8230;). Simultan\u00e9ment, afin de conseiller au mieux ma client\u00e8le, j&rsquo;ai suivi diff\u00e9rentes formations, dont \u00e0 CAP Sant\u00e9, en aromath\u00e9rapie, fleurs de Bach, plantes m\u00e9dicinales, compl\u00e9ment alimentaire &#8230;<\/p>\n\n\n\n<p>En 2014, j&rsquo;ai vendu mon commerce et repris des \u00e9tudes pour me diriger vers l&rsquo;accompagnement th\u00e9rapeutique et en 2018 j&rsquo;ai commenc\u00e9 mon activit\u00e9 de psycho-praticienne.<\/p>\n\n\n\n<p><strong>Formations :<\/strong><\/p>\n\n\n\n<ul class=\"wp-block-list\">\n<li>Formation de <strong>th\u00e9rapeute<\/strong> au Centre d&rsquo;Etudes et de Recherche \u00e0 la <strong>Vision Int\u00e9grative de la Sant\u00e9 <\/strong>\u00e0 Nantes (CERVIS Atlantique) durant 2 ans. Form\u00e9e par le Dr Nicole Confais, m\u00e9decin sp\u00e9cialis\u00e9e en psychiatrie, psychoth\u00e9rapeute, praticienne en transpersonnel et formatrice en vision int\u00e9grative selon Graves et Wilber. Ainsi que Fr\u00e9d\u00e9ric Baudain, formateur en sciences humaines, conseill\u00e9 en communication, \u00e9tudes universitaires en philosophie et psychologie, fondateur et formateur de l&rsquo;Ecole Fran\u00e7aise d&rsquo;Astro Th\u00e9rapie \u00e0 Nantes, conf\u00e9rencier, formateur en vision int\u00e9grative de la sant\u00e9.<\/li>\n\n\n\n<li>Sp\u00e9cialisation \u00ab\u00a0<strong>respiration en hyperventilation<\/strong>\u00a0\u00bb aussi appel\u00e9 respiration holotropique avec le Dr Nicole Confais (pr\u00e9sent\u00e9e ci-dessus).<\/li>\n\n\n\n<li><strong>Constellation familiale individuelle<\/strong> avec Tiphaine Jeannerod, psychoth\u00e9rapeute utilisant la sophrologie, pratiques transpersonnels, astroth\u00e9rapie, respiration hyperventilation, constellation familiale individuelle et groupe, formatrice pour les professionnels de sant\u00e9.<\/li>\n\n\n\n<li><strong>EFT<\/strong> (Emotional Freedom Technique) et MATRIX Reimprinting avec Marie-Estelle Pelvin, relaxologue-psychopraticienne, formatrice Certifi\u00e9e EFT agr\u00e9\u00e9e Gary Graig, Hypnoth\u00e9rapeute dipl\u00f4m\u00e9e NGH (National Guild of Hypnotists), REIKI, \u00e9nerg\u00e9ticienne.<\/li>\n\n\n\n<li><strong>Astrologie Tib\u00e9taine<\/strong> aussi appel\u00e9e \u00ab\u00a0Astrologie Karmique ou Dharmique\u00a0\u00bb durant 2 ans avec Fr\u00e9d\u00e9ric Baudain (pr\u00e9sent\u00e9 ci-dessus).<\/li>\n\n\n\n<li><strong>Energ\u00e9tique<\/strong> avec St\u00e9phanie V\u00e9tel\u00e9, \u00e9nerg\u00e9ticienne et formatrice.<\/li>\n\n\n\n<li><strong>Psychost\u00e9o<\/strong>, formation sur 3 ans de <strong>th\u00e9rapeute en approche holistique de la sant\u00e9<\/strong> avec Patrice Le Thiec, \u00ab\u00a0De Nouveaux Horizons en Psychologie\u00a0\u00bb, psychologue clinicien, psychoth\u00e9rapeute, psychopathologie du traumatisme (DESS ou Master 2), DU Victimologie et psychotraumatologie clinique, praticien EMDR, hypnoth\u00e9rapeute, PNL &#8230;<\/li>\n<\/ul>\n\n\n\n<figure class=\"wp-block-image size-large is-resized\"><img loading=\"lazy\" decoding=\"async\" width=\"1024\" height=\"768\" src=\"https:\/\/delphine-silloray.fr\/wp-content\/uploads\/2026\/02\/IMG_0604-1-1-1024x768.jpg\" alt=\"psychologue, th\u00e9rapeute, EFT, respiration holotropique, constellation familiale\" class=\"wp-image-58\" style=\"width:530px;height:auto\" srcset=\"https:\/\/delphine-silloray.fr\/wp-content\/uploads\/2026\/02\/IMG_0604-1-1-1024x768.jpg 1024w, https:\/\/delphine-silloray.fr\/wp-content\/uploads\/2026\/02\/IMG_0604-1-1-300x225.jpg 300w, https:\/\/delphine-silloray.fr\/wp-content\/uploads\/2026\/02\/IMG_0604-1-1-768x576.jpg 768w, https:\/\/delphine-silloray.fr\/wp-content\/uploads\/2026\/02\/IMG_0604-1-1-1536x1152.jpg 1536w, https:\/\/delphine-silloray.fr\/wp-content\/uploads\/2026\/02\/IMG_0604-1-1-2048x1536.jpg 2048w\" sizes=\"auto, (max-width: 1024px) 100vw, 1024px\" \/><\/figure>\n","protected":false},"excerpt":{"rendered":"<p>Tarif : &nbsp; &#8211; S\u00e9ance individuelle Info r\u00e8glement : Pas d&rsquo;appareil \u00e0 carte, merci de r\u00e9gler par ch\u00e8que ou virement bancaire. Lieux des cabinets: &#8211; 57 rue de la lib\u00e9ration 29 410 Ploun\u00e9our-M\u00e9nez ou 83 Guerdoual 29 410 Ploun\u00e9our-M\u00e9nez (en fonction des pratiques) &#8211; 2 rue de Morlaix 22 310 Plestin-les-Gr\u00e8ves &#8211; 26 pl. du &hellip; <a href=\"https:\/\/delphine-silloray.fr\/index.php\/tarif-lieux-qui-suis-je\/\" class=\"more-link\">Continuer la lecture de <span class=\"screen-reader-text\">Tarif, lieux &#8230; Qui suis-je ?<\/span> <span class=\"meta-nav\">&rarr;<\/span><\/a><\/p>\n","protected":false},"author":1,"featured_media":0,"parent":0,"menu_order":0,"comment_status":"closed","ping_status":"closed","template":"","meta":{"footnotes":""},"class_list":["post-27","page","type-page","status-publish","hentry"],"_links":{"self":[{"href":"https:\/\/delphine-silloray.fr\/index.php\/wp-json\/wp\/v2\/pages\/27","targetHints":{"allow":["GET"]}}],"collection":[{"href":"https:\/\/delphine-silloray.fr\/index.php\/wp-json\/wp\/v2\/pages"}],"about":[{"href":"https:\/\/delphine-silloray.fr\/index.php\/wp-json\/wp\/v2\/types\/page"}],"author":[{"embeddable":true,"href":"https:\/\/delphine-silloray.fr\/index.php\/wp-json\/wp\/v2\/users\/1"}],"replies":[{"embeddable":true,"href":"https:\/\/delphine-silloray.fr\/index.php\/wp-json\/wp\/v2\/comments?post=27"}],"version-history":[{"count":21,"href":"https:\/\/delphine-silloray.fr\/index.php\/wp-json\/wp\/v2\/pages\/27\/revisions"}],"predecessor-version":[{"id":172,"href":"https:\/\/delphine-silloray.fr\/index.php\/wp-json\/wp\/v2\/pages\/27\/revisions\/172"}],"wp:attachment":[{"href":"https:\/\/delphine-silloray.fr\/index.php\/wp-json\/wp\/v2\/media?parent=27"}],"curies":[{"name":"wp","href":"https:\/\/api.w.org\/{rel}","templated":true}]}}