{"id":68,"date":"2026-02-16T15:10:20","date_gmt":"2026-02-16T15:10:20","guid":{"rendered":"https:\/\/delphine-silloray.fr\/?page_id=68"},"modified":"2026-02-22T18:35:35","modified_gmt":"2026-02-22T18:35:35","slug":"etat-modifie-de-la-conscience","status":"publish","type":"page","link":"https:\/\/delphine-silloray.fr\/index.php\/etat-modifie-de-la-conscience\/","title":{"rendered":"\u00c9tat modifi\u00e9 de la conscience"},"content":{"rendered":"\n<p><br>L&rsquo;\u00e9tat modifi\u00e9 de conscience est un \u00e9tat mental diff\u00e9rent de l&rsquo;\u00e9tat de conscience ordinaire v\u00e9cu lors de l&rsquo;\u00e9veil, il permet de changer de plan de r\u00e9alit\u00e9, d&rsquo;avoir un autre rapport \u00e0 soi et au monde qui nous entoure. Cet \u00e9tat de conscience modifi\u00e9 volontairement peut \u00eatre induit par des respirations calmes, de la musique et des visualisations guid\u00e9es. Cela permet d&rsquo;aller \u00e0 la rencontre des \u00e9motions refoul\u00e9es qui peuvent \u00eatre la cause d&rsquo;anxi\u00e9t\u00e9, de d\u00e9pression, de phobie \u2026 ou encore d&rsquo;aller se reconnecter \u00e0 des m\u00e9moires oubli\u00e9es afin de mettre de la conscience sur des \u00e9v\u00e8nements qui nous arrivent ou sur des sch\u00e9mas de vie. \u00a0 \u00a0 \u00a0 \u00a0 \u00a0 \u00a0 \u00a0 \u00a0 \u00a0 \u00a0 \u00a0 \u00a0 \u00a0 \u00a0 \u00a0 \u00a0 \u00a0 \u00a0 \u00a0 \u00a0 \u00a0 \u00a0 \u00a0 \u00a0 \u00a0 \u00a0 \u00a0 \u00a0 \u00a0 \u00a0 \u00a0 \u00a0 \u00a0 \u00a0 \u00a0 C&rsquo;est un \u00e9tat semblable \u00e0 la m\u00e9ditation, comme un r\u00eave \u00e9veill\u00e9, dans lequel on reste ma\u00eetre de soi.<br><br><\/p>\n","protected":false},"excerpt":{"rendered":"<p>L&rsquo;\u00e9tat modifi\u00e9 de conscience est un \u00e9tat mental diff\u00e9rent de l&rsquo;\u00e9tat de conscience ordinaire v\u00e9cu lors de l&rsquo;\u00e9veil, il permet de changer de plan de r\u00e9alit\u00e9, d&rsquo;avoir un autre rapport \u00e0 soi et au monde qui nous entoure. Cet \u00e9tat de conscience modifi\u00e9 volontairement peut \u00eatre induit par des respirations calmes, de la musique et &hellip; <a href=\"https:\/\/delphine-silloray.fr\/index.php\/etat-modifie-de-la-conscience\/\" class=\"more-link\">Continuer la lecture de <span class=\"screen-reader-text\">\u00c9tat modifi\u00e9 de la conscience<\/span> <span class=\"meta-nav\">&rarr;<\/span><\/a><\/p>\n","protected":false},"author":1,"featured_media":0,"parent":0,"menu_order":0,"comment_status":"closed","ping_status":"closed","template":"","meta":{"footnotes":""},"class_list":["post-68","page","type-page","status-publish","hentry"],"_links":{"self":[{"href":"https:\/\/delphine-silloray.fr\/index.php\/wp-json\/wp\/v2\/pages\/68","targetHints":{"allow":["GET"]}}],"collection":[{"href":"https:\/\/delphine-silloray.fr\/index.php\/wp-json\/wp\/v2\/pages"}],"about":[{"href":"https:\/\/delphine-silloray.fr\/index.php\/wp-json\/wp\/v2\/types\/page"}],"author":[{"embeddable":true,"href":"https:\/\/delphine-silloray.fr\/index.php\/wp-json\/wp\/v2\/users\/1"}],"replies":[{"embeddable":true,"href":"https:\/\/delphine-silloray.fr\/index.php\/wp-json\/wp\/v2\/comments?post=68"}],"version-history":[{"count":4,"href":"https:\/\/delphine-silloray.fr\/index.php\/wp-json\/wp\/v2\/pages\/68\/revisions"}],"predecessor-version":[{"id":198,"href":"https:\/\/delphine-silloray.fr\/index.php\/wp-json\/wp\/v2\/pages\/68\/revisions\/198"}],"wp:attachment":[{"href":"https:\/\/delphine-silloray.fr\/index.php\/wp-json\/wp\/v2\/media?parent=68"}],"curies":[{"name":"wp","href":"https:\/\/api.w.org\/{rel}","templated":true}]}}