{"id":81,"date":"2026-02-17T09:51:58","date_gmt":"2026-02-17T09:51:58","guid":{"rendered":"https:\/\/delphine-silloray.fr\/?page_id=81"},"modified":"2026-04-02T12:50:37","modified_gmt":"2026-04-02T12:50:37","slug":"atelier","status":"publish","type":"page","link":"https:\/\/delphine-silloray.fr\/index.php\/atelier\/","title":{"rendered":"Ateliers"},"content":{"rendered":"\n<figure class=\"wp-block-image size-large\"><img loading=\"lazy\" decoding=\"async\" width=\"724\" height=\"1024\" src=\"http:\/\/delphine-silloray.fr\/wp-content\/uploads\/2026\/02\/satage-naissance-26-724x1024.jpg\" alt=\"Atelier pour retraverser les m\u00e9moires foetale en \u00e9tat modifi\u00e9 de conscience afin d'apaiser des \u00e9motions traumatiques que le b\u00e9b\u00e9 aurait pu engrammer durant les 9 mois de vie feotale et la naissance\" class=\"wp-image-82\" srcset=\"https:\/\/delphine-silloray.fr\/wp-content\/uploads\/2026\/02\/satage-naissance-26-724x1024.jpg 724w, https:\/\/delphine-silloray.fr\/wp-content\/uploads\/2026\/02\/satage-naissance-26-212x300.jpg 212w, https:\/\/delphine-silloray.fr\/wp-content\/uploads\/2026\/02\/satage-naissance-26-768x1086.jpg 768w, https:\/\/delphine-silloray.fr\/wp-content\/uploads\/2026\/02\/satage-naissance-26-1086x1536.jpg 1086w, https:\/\/delphine-silloray.fr\/wp-content\/uploads\/2026\/02\/satage-naissance-26-1448x2048.jpg 1448w, https:\/\/delphine-silloray.fr\/wp-content\/uploads\/2026\/02\/satage-naissance-26.jpg 1587w\" sizes=\"auto, (max-width: 724px) 100vw, 724px\" \/><\/figure>\n\n\n\n<p>De la conception \u00e0 la naissance, le b\u00e9b\u00e9 peut engrammer des \u00e9motions v\u00e9cues par ses parents et son environnement proche. Des m\u00e9moires traumatiques datant de cette p\u00e9riode peuvent \u00eatre \u00e0 l&rsquo;origine de certains de nos comportements conscients ou inconscients actuels.<\/p>\n\n\n\n<p>Je vous propose de retraverser le d\u00e9but de votre histoire en \u00e9tat modifi\u00e9 de la conscience, de faire confiance \u00e0 la m\u00e9moire du corps afin de lib\u00e9rer ce qui n&rsquo;a plus lieu d&rsquo;\u00eatre. Puis l&rsquo;opportunit\u00e9 de reprogrammer votre arriv\u00e9e sur Terre pour une nouvelle naissance symbolique.<\/p>\n\n\n\n<p>          Ce stage permet de ressentir une nouvelle \u00e9nergie de vie, de prendre diff\u00e9remment sa place au sein du syst\u00e8me familial et des autres, trouver l&rsquo;\u00e9nergie de passer \u00e0 l&rsquo;action, d&rsquo;oser &#8230; \u00e9galement pour des passages symboliques dans certaines phases de la vie &#8230;<\/p>\n\n\n\n<figure class=\"wp-block-image size-large\"><img loading=\"lazy\" decoding=\"async\" width=\"724\" height=\"1024\" src=\"http:\/\/delphine-silloray.fr\/wp-content\/uploads\/2026\/04\/Flyer-9-mai-724x1024.jpg\" alt=\"\" class=\"wp-image-206\" srcset=\"https:\/\/delphine-silloray.fr\/wp-content\/uploads\/2026\/04\/Flyer-9-mai-724x1024.jpg 724w, https:\/\/delphine-silloray.fr\/wp-content\/uploads\/2026\/04\/Flyer-9-mai-212x300.jpg 212w, https:\/\/delphine-silloray.fr\/wp-content\/uploads\/2026\/04\/Flyer-9-mai-768x1086.jpg 768w, https:\/\/delphine-silloray.fr\/wp-content\/uploads\/2026\/04\/Flyer-9-mai-1086x1536.jpg 1086w, https:\/\/delphine-silloray.fr\/wp-content\/uploads\/2026\/04\/Flyer-9-mai.jpg 1414w\" sizes=\"auto, (max-width: 724px) 100vw, 724px\" \/><\/figure>\n\n\n\n<p>Atelier autour du souffle et des vibrations.                                                                                                          Les diff\u00e9rentes sonorit\u00e9s ainsi que la respiration en hyperventilation vont aider \u00e0 lib\u00e9rer des m\u00e9moires qui nous freinent ou nous bloquent dans notre vie. Les vibrations dynamisent les cellules du corps, ram\u00e8nent du mouvement dans ce qui \u00e9tait figer, permettant une voie de transformation. Avec ma coll\u00e8gue Corinne Porhel, nous vous accompagnerons avec bienveillance dans ce voyage.                                                                                                                                     Vous pouvez nous contacter par t\u00e9l\u00e9phone pour plus de pr\u00e9cisions si vous le souhaitez.                                                                            <\/p>\n\n\n\n<p><\/p>\n","protected":false},"excerpt":{"rendered":"<p>De la conception \u00e0 la naissance, le b\u00e9b\u00e9 peut engrammer des \u00e9motions v\u00e9cues par ses parents et son environnement proche. Des m\u00e9moires traumatiques datant de cette p\u00e9riode peuvent \u00eatre \u00e0 l&rsquo;origine de certains de nos comportements conscients ou inconscients actuels. Je vous propose de retraverser le d\u00e9but de votre histoire en \u00e9tat modifi\u00e9 de la &hellip; <a href=\"https:\/\/delphine-silloray.fr\/index.php\/atelier\/\" class=\"more-link\">Continuer la lecture de <span class=\"screen-reader-text\">Ateliers<\/span> <span class=\"meta-nav\">&rarr;<\/span><\/a><\/p>\n","protected":false},"author":1,"featured_media":0,"parent":0,"menu_order":0,"comment_status":"closed","ping_status":"closed","template":"","meta":{"footnotes":""},"class_list":["post-81","page","type-page","status-publish","hentry"],"_links":{"self":[{"href":"https:\/\/delphine-silloray.fr\/index.php\/wp-json\/wp\/v2\/pages\/81","targetHints":{"allow":["GET"]}}],"collection":[{"href":"https:\/\/delphine-silloray.fr\/index.php\/wp-json\/wp\/v2\/pages"}],"about":[{"href":"https:\/\/delphine-silloray.fr\/index.php\/wp-json\/wp\/v2\/types\/page"}],"author":[{"embeddable":true,"href":"https:\/\/delphine-silloray.fr\/index.php\/wp-json\/wp\/v2\/users\/1"}],"replies":[{"embeddable":true,"href":"https:\/\/delphine-silloray.fr\/index.php\/wp-json\/wp\/v2\/comments?post=81"}],"version-history":[{"count":12,"href":"https:\/\/delphine-silloray.fr\/index.php\/wp-json\/wp\/v2\/pages\/81\/revisions"}],"predecessor-version":[{"id":210,"href":"https:\/\/delphine-silloray.fr\/index.php\/wp-json\/wp\/v2\/pages\/81\/revisions\/210"}],"wp:attachment":[{"href":"https:\/\/delphine-silloray.fr\/index.php\/wp-json\/wp\/v2\/media?parent=81"}],"curies":[{"name":"wp","href":"https:\/\/api.w.org\/{rel}","templated":true}]}}