{"id":85,"date":"2026-02-17T10:54:37","date_gmt":"2026-02-17T10:54:37","guid":{"rendered":"https:\/\/delphine-silloray.fr\/?page_id=85"},"modified":"2026-02-22T18:19:17","modified_gmt":"2026-02-22T18:19:17","slug":"astrologie-tibetaine","status":"publish","type":"page","link":"https:\/\/delphine-silloray.fr\/index.php\/astrologie-tibetaine\/","title":{"rendered":"Astrologie Tib\u00e9taine"},"content":{"rendered":"\n<p>L&rsquo;astrologie tib\u00e9taine dites \u00e9galement astrologie karmique ou dharmique permet d&rsquo;avoir un autre regard sur nous et notre histoire, mettre du sens et de la conscience sur notre v\u00e9cu et notre chemin de vie.<\/p>\n\n\n\n<p>Je l&rsquo;utilise comme une grille de lecture qui permet d&rsquo;optimiser l&rsquo;accompagnement th\u00e9rapeutique. Par l&rsquo;analyse d&rsquo;un th\u00e8me, on a des informations sur la typologie d&rsquo;une personne et les blessures de l&rsquo;enfance sur lesquelles la personnalit\u00e9 s&rsquo;est construite ainsi que les comportements inconscients qui en d\u00e9coulent. Il y a 12 blessures r\u00e9f\u00e9renc\u00e9es, nous sommes tous porteurs de certaines de ces blessures. Le fait d&rsquo;identifier celles qui nous correspondent peut nous aider \u00e0 comprendre les comportements qui nous font d\u00e9faut dans la relation aux autres, et ce, dans tous les domaines, que ce soit professionnel, familial, couple, amical, &#8230; et mettre en lumi\u00e8re tous nos autosabotages en lien avec nos blessures.<\/p>\n\n\n\n<p>Ce qui est tr\u00e8s int\u00e9ressant avec cette approche, c&rsquo;est qu&rsquo;en allant visiter nos plus grandes blessures, on peut aussi aller voir la force et le potentiel en devenir cach\u00e9 derri\u00e8re nos zones d&rsquo;ombres. Cela am\u00e8ne du sens sur notre v\u00e9cu et permet d&rsquo;envisager une direction vers laquelle on se sentirait plus en ad\u00e9quation avec nos aspirations, les domaines vers lesquels on serait plus \u00e0 m\u00eame de se sentir \u00e0 notre place afin de proposer le meilleur de nous-m\u00eame au service du monde.  <\/p>\n\n\n\n<p>Un th\u00e8me peut \u00eatre pr\u00e9sent\u00e9 lors d&rsquo;une s\u00e9ance pr\u00e9vue \u00e0 cet effet et il est fortement conseill\u00e9 de l&rsquo;enregistrer car la quantit\u00e9 d&rsquo;informations est dense. Pour ce,  pr\u00e9voir un rdv de 2h et en fonction du nombre de blessures \u00e0 d\u00e9velopper, il peut \u00eatre n\u00e9cessaire de pr\u00e9voir un temps suppl\u00e9mentaire ( \u00e0 voir ensemble en d\u00e9couvrant votre th\u00e8me).<\/p>\n\n\n\n<p><\/p>\n","protected":false},"excerpt":{"rendered":"<p>L&rsquo;astrologie tib\u00e9taine dites \u00e9galement astrologie karmique ou dharmique permet d&rsquo;avoir un autre regard sur nous et notre histoire, mettre du sens et de la conscience sur notre v\u00e9cu et notre chemin de vie. Je l&rsquo;utilise comme une grille de lecture qui permet d&rsquo;optimiser l&rsquo;accompagnement th\u00e9rapeutique. Par l&rsquo;analyse d&rsquo;un th\u00e8me, on a des informations sur la &hellip; <a href=\"https:\/\/delphine-silloray.fr\/index.php\/astrologie-tibetaine\/\" class=\"more-link\">Continuer la lecture de <span class=\"screen-reader-text\">Astrologie Tib\u00e9taine<\/span> <span class=\"meta-nav\">&rarr;<\/span><\/a><\/p>\n","protected":false},"author":1,"featured_media":0,"parent":0,"menu_order":0,"comment_status":"closed","ping_status":"closed","template":"","meta":{"footnotes":""},"class_list":["post-85","page","type-page","status-publish","hentry"],"_links":{"self":[{"href":"https:\/\/delphine-silloray.fr\/index.php\/wp-json\/wp\/v2\/pages\/85","targetHints":{"allow":["GET"]}}],"collection":[{"href":"https:\/\/delphine-silloray.fr\/index.php\/wp-json\/wp\/v2\/pages"}],"about":[{"href":"https:\/\/delphine-silloray.fr\/index.php\/wp-json\/wp\/v2\/types\/page"}],"author":[{"embeddable":true,"href":"https:\/\/delphine-silloray.fr\/index.php\/wp-json\/wp\/v2\/users\/1"}],"replies":[{"embeddable":true,"href":"https:\/\/delphine-silloray.fr\/index.php\/wp-json\/wp\/v2\/comments?post=85"}],"version-history":[{"count":11,"href":"https:\/\/delphine-silloray.fr\/index.php\/wp-json\/wp\/v2\/pages\/85\/revisions"}],"predecessor-version":[{"id":190,"href":"https:\/\/delphine-silloray.fr\/index.php\/wp-json\/wp\/v2\/pages\/85\/revisions\/190"}],"wp:attachment":[{"href":"https:\/\/delphine-silloray.fr\/index.php\/wp-json\/wp\/v2\/media?parent=85"}],"curies":[{"name":"wp","href":"https:\/\/api.w.org\/{rel}","templated":true}]}}