{"id":9,"date":"2026-01-16T10:58:43","date_gmt":"2026-01-16T10:58:43","guid":{"rendered":"https:\/\/delphine-silloray.fr\/?page_id=9"},"modified":"2026-02-21T11:14:59","modified_gmt":"2026-02-21T11:14:59","slug":"acceuil","status":"publish","type":"page","link":"https:\/\/delphine-silloray.fr\/","title":{"rendered":"Accueil"},"content":{"rendered":"\n<p class=\"has-medium-font-size\"><strong>Th\u00e9rapeute Psycho-\u00e9motionnelle<\/strong><\/p>\n\n\n\n<p>Je propose un accompagnement th\u00e9rapeutique avec une approche globale de l&rsquo;histoire de chacun.e. Partant du principe qu&rsquo;il y a des liens entre le psychologique, l&rsquo;\u00e9motionnel, le physique, incluant l&rsquo;histoire familiale, l&rsquo;environnement social&#8230; Il est n\u00e9cessaire de consid\u00e9rer la sant\u00e9 dans sa globalit\u00e9 pour g\u00e9rer au mieux les probl\u00e9matiques et les sch\u00e9mas n\u00e9gatifs r\u00e9p\u00e9titifs afin de mettre plus de conscience \u00e9volutive dans notre chemin de vie.<\/p>\n\n\n\n<p>Pour \u00e9voluer dans cette vision holistique de la sant\u00e9, j&rsquo;utilise plusieurs m\u00e9thodes th\u00e9rapeutiques en fonction des besoins de chacun.e : <a href=\"https:\/\/delphine-silloray.fr\/index.php\/respiration-en-hyperventilation\/\" data-type=\"page\" data-id=\"23\">Respiration en hyperventilation<\/a>, <a href=\"https:\/\/delphine-silloray.fr\/index.php\/eft-emotional-freedom-technique\/\" data-type=\"page\" data-id=\"30\">EFT<\/a>, <a href=\"https:\/\/delphine-silloray.fr\/index.php\/constellation-familiale\/\" data-type=\"page\" data-id=\"13\">Constellation familiale<\/a>, <a href=\"https:\/\/delphine-silloray.fr\/index.php\/mouvements-oculaires\/\" data-type=\"page\" data-id=\"160\">Mouvements oculaires<\/a>, <a href=\"https:\/\/delphine-silloray.fr\/index.php\/spirale-dynamique\/\" data-type=\"page\" data-id=\"66\">Spirale dynamique<\/a>, <a href=\"http:\/\/delphine-silloray.fr\/index.php\/astrologie-tibetaine\/\" data-type=\"page\" data-id=\"85\">Astrologie Tib\u00e9taine<\/a>, <a href=\"http:\/\/delphine-silloray.fr\/index.php\/atelier\/\" data-type=\"page\" data-id=\"81\">Rev\u00e9cu de vie foetale<\/a> et <a href=\"https:\/\/delphine-silloray.fr\/index.php\/etat-modifie-de-la-conscience\/\" data-type=\"page\" data-id=\"68\">\u00c9tat modifi\u00e9 de la conscience<\/a>.<\/p>\n\n\n\n<p>Je peux apporter une aide dans le soin de fa\u00e7on ponctuel ou selon les besoins, proposer un accompagnement plus r\u00e9gulier. Je peux vous recevoir pour : <\/p>\n\n\n\n<ul class=\"wp-block-list\">\n<li>Apprendre \u00e0 reconna\u00eetre et g\u00e9rer ses \u00e9motions<\/li>\n\n\n\n<li>Troubles des comportements alimentaires<\/li>\n\n\n\n<li>Analyse de l&rsquo;origine des maux ou maladies<\/li>\n\n\n\n<li>Troubles du stress post-traumatique<\/li>\n\n\n\n<li>Gestion des conflits relationnels<\/li>\n\n\n\n<li>S\u00e9paration, abandon, trahison<\/li>\n\n\n\n<li>D\u00e9pendance \u00e0 des substances <\/li>\n\n\n\n<li>Manque de confiance en soi<\/li>\n\n\n\n<li>Stress, anxi\u00e9t\u00e9, angoisse<\/li>\n\n\n\n<li>Burn-out, d\u00e9pression<\/li>\n\n\n\n<li>Trouble du sommeil<\/li>\n\n\n\n<li>Gestion des deuils<\/li>\n\n\n\n<li>Phobies<\/li>\n\n\n\n<li>&#8230;<\/li>\n<\/ul>\n\n\n\n<p>Dans l&rsquo;accompagnement du stress post-traumatique et des phobies &#8211; dans certains cas &#8211; il est possible de d\u00e9cristalliser de grandes peurs en tr\u00e8s peu de s\u00e9ances, voir en une seule par th\u00e9rapie br\u00e8ve sur l&rsquo;\u00e9v\u00e8nement \u00e0 l&rsquo;origine du trauma.<\/p>\n\n\n\n<p>Parfois, il faut d\u00e9crypter tous les enjeux, les sch\u00e9mas r\u00e9p\u00e9titifs qui se rejouent dans la vie familiale, conjugale, professionnelle &#8230; d\u00e9tecter les blocages, les fausses croyances, les autosabotages, l&rsquo;autod\u00e9valorisation, les difficult\u00e9s \u00e0 trouver sa juste place &#8230; Pour cela je propose un accompagnement. L&rsquo;id\u00e9al \u00e9tant de faire une s\u00e9ance tous les 15 jours ou 3 \u00e0 4 semaines en fonction des possibilit\u00e9s de chacun.e afin qu&rsquo;un processus d&rsquo;int\u00e9gration et de lib\u00e9ration \u00e9motionnelle, de r\u00e9flexion, de prise de conscience et de transformation puisse se faire progressivement et de fa\u00e7on durable.<\/p>\n\n\n\n<p>Mon accompagnement permet de mettre des mots sur des maux, voir ce que la maladie (mal \u00e0 dit) vient nous dire, ce qu&rsquo;elle vient r\u00e9v\u00e9ler de ce qu&rsquo;on porte de notre histoire. Cela peut permettre une am\u00e9lioration &#8211;  voir une disparition &#8211; de certains sympt\u00f4mes, mais cela ne remplace pas un suivi m\u00e9dical ou m\u00e9dicamenteux si il est n\u00e9cessaire, il compl\u00e8te mais ne substitue pas.<\/p>\n\n\n\n<div class=\"wp-block-columns is-layout-flex wp-container-core-columns-is-layout-9d6595d7 wp-block-columns-is-layout-flex\">\n<div class=\"wp-block-column is-layout-flow wp-block-column-is-layout-flow\" style=\"flex-basis:100%\"><\/div>\n<\/div>\n\n\n\n<figure class=\"wp-block-image size-large is-resized is-style-rounded\"><img loading=\"lazy\" decoding=\"async\" width=\"683\" height=\"1024\" src=\"https:\/\/delphine-silloray.fr\/wp-content\/uploads\/2026\/02\/IMG_6438-683x1024.jpg\" alt=\"Psychologue Th\u00e9rapeute EFT, Respiration Holotropique, constellation familiale\" class=\"wp-image-48\" style=\"aspect-ratio:3\/4;object-fit:cover;width:283px;height:auto\" srcset=\"https:\/\/delphine-silloray.fr\/wp-content\/uploads\/2026\/02\/IMG_6438-683x1024.jpg 683w, https:\/\/delphine-silloray.fr\/wp-content\/uploads\/2026\/02\/IMG_6438-200x300.jpg 200w, https:\/\/delphine-silloray.fr\/wp-content\/uploads\/2026\/02\/IMG_6438-768x1152.jpg 768w, https:\/\/delphine-silloray.fr\/wp-content\/uploads\/2026\/02\/IMG_6438-1024x1536.jpg 1024w, https:\/\/delphine-silloray.fr\/wp-content\/uploads\/2026\/02\/IMG_6438-1365x2048.jpg 1365w, https:\/\/delphine-silloray.fr\/wp-content\/uploads\/2026\/02\/IMG_6438-scaled.jpg 1707w\" sizes=\"auto, (max-width: 683px) 100vw, 683px\" \/><\/figure>\n\n\n\n<div class=\"wp-block-columns is-layout-flex wp-container-core-columns-is-layout-9d6595d7 wp-block-columns-is-layout-flex\">\n<div class=\"wp-block-column is-layout-flow wp-block-column-is-layout-flow\"><\/div>\n\n\n\n<div class=\"wp-block-column is-layout-flow wp-block-column-is-layout-flow\"><\/div>\n<\/div>\n\n\n\n<figure class=\"wp-block-gallery has-nested-images columns-default is-cropped wp-block-gallery-1 is-layout-flex wp-block-gallery-is-layout-flex\"><\/figure>\n","protected":false},"excerpt":{"rendered":"<p>Th\u00e9rapeute Psycho-\u00e9motionnelle Je propose un accompagnement th\u00e9rapeutique avec une approche globale de l&rsquo;histoire de chacun.e. Partant du principe qu&rsquo;il y a des liens entre le psychologique, l&rsquo;\u00e9motionnel, le physique, incluant l&rsquo;histoire familiale, l&rsquo;environnement social&#8230; Il est n\u00e9cessaire de consid\u00e9rer la sant\u00e9 dans sa globalit\u00e9 pour g\u00e9rer au mieux les probl\u00e9matiques et les sch\u00e9mas n\u00e9gatifs r\u00e9p\u00e9titifs &hellip; <a href=\"https:\/\/delphine-silloray.fr\/\" class=\"more-link\">Continuer la lecture de <span class=\"screen-reader-text\">Accueil<\/span> <span class=\"meta-nav\">&rarr;<\/span><\/a><\/p>\n","protected":false},"author":1,"featured_media":0,"parent":0,"menu_order":0,"comment_status":"closed","ping_status":"closed","template":"","meta":{"footnotes":""},"class_list":["post-9","page","type-page","status-publish","hentry"],"_links":{"self":[{"href":"https:\/\/delphine-silloray.fr\/index.php\/wp-json\/wp\/v2\/pages\/9","targetHints":{"allow":["GET"]}}],"collection":[{"href":"https:\/\/delphine-silloray.fr\/index.php\/wp-json\/wp\/v2\/pages"}],"about":[{"href":"https:\/\/delphine-silloray.fr\/index.php\/wp-json\/wp\/v2\/types\/page"}],"author":[{"embeddable":true,"href":"https:\/\/delphine-silloray.fr\/index.php\/wp-json\/wp\/v2\/users\/1"}],"replies":[{"embeddable":true,"href":"https:\/\/delphine-silloray.fr\/index.php\/wp-json\/wp\/v2\/comments?post=9"}],"version-history":[{"count":58,"href":"https:\/\/delphine-silloray.fr\/index.php\/wp-json\/wp\/v2\/pages\/9\/revisions"}],"predecessor-version":[{"id":189,"href":"https:\/\/delphine-silloray.fr\/index.php\/wp-json\/wp\/v2\/pages\/9\/revisions\/189"}],"wp:attachment":[{"href":"https:\/\/delphine-silloray.fr\/index.php\/wp-json\/wp\/v2\/media?parent=9"}],"curies":[{"name":"wp","href":"https:\/\/api.w.org\/{rel}","templated":true}]}}